{"id":1432,"date":"2021-10-15T12:25:36","date_gmt":"2021-10-15T12:25:36","guid":{"rendered":"https:\/\/www.sksportsholding.com\/sur\/"},"modified":"2022-06-21T12:43:30","modified_gmt":"2022-06-21T12:43:30","slug":"sur","status":"publish","type":"page","link":"https:\/\/www.sksportsholding.com\/fr\/sur\/","title":{"rendered":"Sur Nous"},"content":{"rendered":"<style>#kt-layout-id_40b944-bd > .kt-row-column-wrap{align-content:start;}:where(#kt-layout-id_40b944-bd > .kt-row-column-wrap) > .wp-block-kadence-column{justify-content:start;}#kt-layout-id_40b944-bd > .kt-row-column-wrap{column-gap:var(--global-kb-gap-md, 2rem);row-gap:var(--global-kb-gap-md, 2rem);max-width:1290px;padding-top:var( --global-kb-row-default-top, 25px );padding-bottom:var( --global-kb-row-default-bottom, 25px );padding-top:var(--global-kb-spacing-sm, 1.5rem);padding-bottom:var(--global-kb-spacing-sm, 1.5rem);grid-template-columns:minmax(0, 1fr);}#kt-layout-id_40b944-bd > .kt-row-layout-overlay{opacity:0.30;}@media all and (max-width: 1024px){#kt-layout-id_40b944-bd > .kt-row-column-wrap{grid-template-columns:minmax(0, 1fr);}}@media all and (max-width: 767px){#kt-layout-id_40b944-bd > .kt-row-column-wrap{grid-template-columns:minmax(0, 1fr);}}<\/style>\n<div class=\"wp-block-kadence-rowlayout alignwide\"><div id=\"kt-layout-id_40b944-bd\" class=\"kt-row-layout-inner kt-layout-id_40b944-bd\"><div class=\"kt-row-column-wrap kt-has-1-columns kt-gutter-default kt-v-gutter-default kt-row-valign-top kt-row-layout-equal kt-tab-layout-inherit kt-m-colapse-left-to-right kt-mobile-layout-row kb-theme-content-width\"><style>.kadence-column_7ea6b0-c2 > .kt-inside-inner-col{border-top-width:0px;border-right-width:0px;border-bottom-width:0px;border-left-width:0px;}.kadence-column_7ea6b0-c2 > .kt-inside-inner-col,.kadence-column_7ea6b0-c2 > .kt-inside-inner-col:before{border-top-left-radius:0px;border-top-right-radius:0px;border-bottom-right-radius:0px;border-bottom-left-radius:0px;}.kadence-column_7ea6b0-c2 > .kt-inside-inner-col{column-gap:var(--global-kb-gap-sm, 1rem);}.kadence-column_7ea6b0-c2 > .kt-inside-inner-col{flex-direction:column;}.kadence-column_7ea6b0-c2 > .kt-inside-inner-col > .aligncenter{width:100%;}.kadence-column_7ea6b0-c2 > .kt-inside-inner-col:before{opacity:0.3;}.kadence-column_7ea6b0-c2{position:relative;}@media all and (max-width: 1024px){.kadence-column_7ea6b0-c2 > .kt-inside-inner-col{flex-direction:column;justify-content:center;}}@media all and (max-width: 767px){.kadence-column_7ea6b0-c2 > .kt-inside-inner-col{flex-direction:column;justify-content:center;}}<\/style>\n<div class=\"wp-block-kadence-column inner-column-1 kadence-column_7ea6b0-c2\"><div class=\"kt-inside-inner-col\"><style>.wp-block-kadence-advancedheading.kt-adv-heading_b15b39-6e, .wp-block-kadence-advancedheading.kt-adv-heading_b15b39-6e[data-kb-block=\"kb-adv-heading_b15b39-6e\"]{text-align:center;font-style:normal;font-family:Montserrat;}.wp-block-kadence-advancedheading.kt-adv-heading_b15b39-6e mark.kt-highlight, .wp-block-kadence-advancedheading.kt-adv-heading_b15b39-6e[data-kb-block=\"kb-adv-heading_b15b39-6e\"] mark.kt-highlight{font-weight:bold;font-style:normal;color:var(--theme-palette-color-2, #ba9953);-webkit-box-decoration-break:clone;box-decoration-break:clone;padding-top:0px;padding-right:0px;padding-bottom:0px;padding-left:0px;}.wp-block-kadence-advancedheading.kt-adv-heading_b15b39-6e img.kb-inline-image, .wp-block-kadence-advancedheading.kt-adv-heading_b15b39-6e[data-kb-block=\"kb-adv-heading_b15b39-6e\"] img.kb-inline-image{width:150px;vertical-align:baseline;}<\/style>\n<h2 class=\"kt-adv-heading_b15b39-6e wp-block-kadence-advancedheading has-palette-color-8-color has-text-color\" data-kb-block=\"kb-adv-heading_b15b39-6e\">\u00ab\u00a0LE <mark class=\"kt-highlight\">PREMIER<\/mark> CLUB O\u00d9 LE FOOTBALL RENCONTRE LES ARTS MARTIAUX\u00a0\u00bb<\/h2>\n\n\n<style>.wp-block-kadence-advancedheading.kt-adv-heading_a83e82-e4, .wp-block-kadence-advancedheading.kt-adv-heading_a83e82-e4[data-kb-block=\"kb-adv-heading_a83e82-e4\"]{font-style:normal;font-family:Montserrat;}.wp-block-kadence-advancedheading.kt-adv-heading_a83e82-e4 mark.kt-highlight, .wp-block-kadence-advancedheading.kt-adv-heading_a83e82-e4[data-kb-block=\"kb-adv-heading_a83e82-e4\"] mark.kt-highlight{font-weight:bold;font-style:normal;color:var(--theme-palette-color-2, #ba9953);-webkit-box-decoration-break:clone;box-decoration-break:clone;padding-top:0px;padding-right:0px;padding-bottom:0px;padding-left:0px;}.wp-block-kadence-advancedheading.kt-adv-heading_a83e82-e4 img.kb-inline-image, .wp-block-kadence-advancedheading.kt-adv-heading_a83e82-e4[data-kb-block=\"kb-adv-heading_a83e82-e4\"] img.kb-inline-image{width:150px;vertical-align:baseline;}<\/style>\n<h4 class=\"kt-adv-heading_a83e82-e4 wp-block-kadence-advancedheading has-palette-color-8-color has-text-color\" data-kb-block=\"kb-adv-heading_a83e82-e4\"><mark class=\"kt-highlight\">D\u00e9claration des partenaires :<\/mark> \u00abNotre mission est de partager les valeurs qui nous unissent aux enfants du monde en promouvant la connaissance interculturelle, l&rsquo;\u00e9galit\u00e9, l&rsquo;inclusion et le respect, en utilisant le sport pour faciliter l&rsquo;impact positif que nous voulons avoir. Notre amiti\u00e9 s&rsquo;est traduite par le Seedorf Khabib Performance Club et nous souhaitons que notre fraternit\u00e9 soit une source d&rsquo;inspiration pour le monde.\u00bb &#8211; <meta charset=\"utf-8\"\/><em>Clarence Seedorf et Khabib Nurmagomedov<\/em><\/h4>\n\n\n<style>.wp-block-kadence-advancedheading.kt-adv-heading_accf28-ba, .wp-block-kadence-advancedheading.kt-adv-heading_accf28-ba[data-kb-block=\"kb-adv-heading_accf28-ba\"]{font-style:normal;font-family:Montserrat;}.wp-block-kadence-advancedheading.kt-adv-heading_accf28-ba mark.kt-highlight, .wp-block-kadence-advancedheading.kt-adv-heading_accf28-ba[data-kb-block=\"kb-adv-heading_accf28-ba\"] mark.kt-highlight{font-family:Montserrat;font-weight:bold;font-style:normal;color:var(--theme-palette-color-2, #ba9953);-webkit-box-decoration-break:clone;box-decoration-break:clone;padding-top:0px;padding-right:0px;padding-bottom:0px;padding-left:0px;}.wp-block-kadence-advancedheading.kt-adv-heading_accf28-ba img.kb-inline-image, .wp-block-kadence-advancedheading.kt-adv-heading_accf28-ba[data-kb-block=\"kb-adv-heading_accf28-ba\"] img.kb-inline-image{width:150px;vertical-align:baseline;}<\/style>\n<h4 class=\"kt-adv-heading_accf28-ba wp-block-kadence-advancedheading has-palette-color-8-color has-text-color\" data-kb-block=\"kb-adv-heading_accf28-ba\"><mark class=\"kt-highlight\">Mission\u00a0:<\/mark> Enseigner les comp\u00e9tences de vie par le sport, en mettant l&rsquo;accent sur le football et le MMA, en promouvant un mode de vie sain.<\/h4>\n\n\n<style>.wp-block-kadence-advancedheading.kt-adv-heading_2b1f9f-62, .wp-block-kadence-advancedheading.kt-adv-heading_2b1f9f-62[data-kb-block=\"kb-adv-heading_2b1f9f-62\"]{font-style:normal;font-family:Montserrat;}.wp-block-kadence-advancedheading.kt-adv-heading_2b1f9f-62 mark.kt-highlight, .wp-block-kadence-advancedheading.kt-adv-heading_2b1f9f-62[data-kb-block=\"kb-adv-heading_2b1f9f-62\"] mark.kt-highlight{font-family:Montserrat;font-weight:bold;font-style:normal;color:var(--theme-palette-color-2, #ba9953);-webkit-box-decoration-break:clone;box-decoration-break:clone;padding-top:0px;padding-right:0px;padding-bottom:0px;padding-left:0px;}.wp-block-kadence-advancedheading.kt-adv-heading_2b1f9f-62 img.kb-inline-image, .wp-block-kadence-advancedheading.kt-adv-heading_2b1f9f-62[data-kb-block=\"kb-adv-heading_2b1f9f-62\"] img.kb-inline-image{width:150px;vertical-align:baseline;}<\/style>\n<h4 class=\"kt-adv-heading_2b1f9f-62 wp-block-kadence-advancedheading has-palette-color-8-color has-text-color\" data-kb-block=\"kb-adv-heading_2b1f9f-62\"><mark class=\"kt-highlight\">M\u00e9thodologie et philosophie SKPC\u00a0:<\/mark><meta charset=\"utf-8\"\/> Une nouvelle approche des acad\u00e9mies de football o\u00f9 le football et les arts martiaux sont int\u00e9gr\u00e9s dans une m\u00e9thodologie, impliquant les gar\u00e7ons et les filles dans un processus \u00e9ducatif d&rsquo;un point de vue physique et psychologique.<\/h4>\n\n\n<style>.wp-block-kadence-advancedheading.kt-adv-heading_2c8cda-11, .wp-block-kadence-advancedheading.kt-adv-heading_2c8cda-11[data-kb-block=\"kb-adv-heading_2c8cda-11\"]{font-style:normal;font-family:Montserrat;}.wp-block-kadence-advancedheading.kt-adv-heading_2c8cda-11 mark.kt-highlight, .wp-block-kadence-advancedheading.kt-adv-heading_2c8cda-11[data-kb-block=\"kb-adv-heading_2c8cda-11\"] mark.kt-highlight{font-family:Montserrat;font-weight:bold;font-style:normal;color:var(--theme-palette-color-2, #ba9953);-webkit-box-decoration-break:clone;box-decoration-break:clone;padding-top:0px;padding-right:0px;padding-bottom:0px;padding-left:0px;}.wp-block-kadence-advancedheading.kt-adv-heading_2c8cda-11 img.kb-inline-image, .wp-block-kadence-advancedheading.kt-adv-heading_2c8cda-11[data-kb-block=\"kb-adv-heading_2c8cda-11\"] img.kb-inline-image{width:150px;vertical-align:baseline;}<\/style>\n<h4 class=\"kt-adv-heading_2c8cda-11 wp-block-kadence-advancedheading has-palette-color-8-color has-text-color\" data-kb-block=\"kb-adv-heading_2c8cda-11\">Un syst\u00e8me bas\u00e9 sur la science qui utilisera les connaissances les plus compl\u00e8tes et les plus sophistiqu\u00e9es pour cr\u00e9er des exercices et des activit\u00e9s amusants pour le d\u00e9veloppement personnel o\u00f9 le sport bien-aim\u00e9 du football est au c\u0153ur du Performance Club. Au cours des programmes hebdomadaires, le MMA fera partie de s\u00e9ances d&rsquo;entra\u00eenement sp\u00e9cifiques au football et sera \u00e9galement propos\u00e9 en tant qu&rsquo;activit\u00e9 autonome.<br\/><br\/>Une approche personnalis\u00e9e sera appliqu\u00e9e pour mettre chaque individu au d\u00e9fi d&rsquo;\u00eatre la meilleure version de lui-m\u00eame par des entra\u00eeneurs qui ont suivi un programme de formation sp\u00e9cifique pour mettre en \u0153uvre la m\u00e9thodologie et la philosophie du Performance Club.<br\/><br\/>Les exercices ont \u00e9t\u00e9 d\u00e9velopp\u00e9s pour am\u00e9liorer la capacit\u00e9 d&rsquo;apprentissage et la cr\u00e9ativit\u00e9 d&rsquo;une mani\u00e8re profonde qui augmentera l&rsquo;intelligence sociale et \u00e9motionnelle des participants.<br\/><br\/>Un r\u00e9seau mondial de clubs de performance qui cr\u00e9era des opportunit\u00e9s interculturelles o\u00f9 les valeurs d&rsquo;\u00e9galit\u00e9, d&rsquo;inclusion, d&rsquo;amiti\u00e9 et de respect, entre autres valeurs, seront promues et respect\u00e9es.<\/h4>\n<\/div><\/div>\n<\/div><\/div><\/div>\n\n<div class=\"wp-block-stackable-columns alignwide stk-block-columns stk-block stk-babb922\" data-block-id=\"babb922\"><style>.stk-babb922{margin-bottom:19px !important}<\/style><div class=\"stk-row stk-inner-blocks stk-block-content stk-content-align stk-babb922-column\">\n<div class=\"wp-block-stackable-column stk-block-column stk-column stk-block stk-49b02e1\" data-block-id=\"49b02e1\"><div class=\"stk-column-wrapper stk-block-column__content stk-container stk-49b02e1-container stk--no-background stk--no-padding\"><div class=\"has-text-align-left stk-block-content stk-inner-blocks\">\n<div class=\"wp-block-stackable-heading stk-block-heading stk-block stk-f84fa3d\" data-block-id=\"f84fa3d\"><style>.stk-f84fa3d{max-width:1290px !important;min-width:auto !important;margin-bottom:21px !important}.stk-f84fa3d .stk-block-heading__text{color:var(--theme-palette-color-8,#ffffff) !important;font-weight:400 !important;font-family:\"Montserrat\",Sans-serif !important}<\/style><h2 class=\"stk-block-heading__text has-text-color has-palette-color-8-color has-text-align-left\"><meta charset=\"utf-8\">\u00ab\u00a0LE <mark class=\"kt-highlight\"><span style=\"color: var(--theme-palette-color-2, #ba9953);\" class=\"stk-highlight\"><strong>PREMIER<\/strong><\/span><\/mark> CLUB O\u00d9 LE FOOTBALL RENCONTRE LES ARTS MARTIAUX\u00a0\u00bb<\/h2><\/div>\n\n\n\n<div class=\"wp-block-stackable-heading stk-block-heading stk-block stk-036ac16\" data-block-id=\"036ac16\"><h2 class=\"stk-block-heading__text\">dasdasdasdasdasdasd<\/h2><\/div>\n<\/div><\/div><\/div>\n<\/div><\/div>\n\n<p data-block-type=\"core\"><\/p>\n\n<div class=\"wp-block-stackable-call-to-action stk-block-call-to-action stk-block stk-59d1800 stk-block-background stk--has-background-overlay\" data-block-id=\"59d1800\"><style>.stk-59d1800{background-color:#000000 !important;background-image:url(https:\/\/d3gt1urn7320t9.cloudfront.net\/library-v3\/section-dim-call-to-action-5\/90cbbff2b97b.jpg) !important}.stk-59d1800:before{background-color:#000000 !important;opacity:0.3 !important}.stk-59d1800{min-height:800px !important;display:flex !important}.stk-59d1800{align-items:center !important}<\/style><div class=\"stk-block-call-to-action__content stk-content-align stk-59d1800-column stk-container stk-59d1800-container stk--no-background stk--no-padding\"><div class=\"has-text-align-right stk-block-content stk-inner-blocks\">\n<div class=\"wp-block-stackable-heading stk-block-heading stk-block stk-7e130aa\" data-block-id=\"7e130aa\"><style>.stk-7e130aa .stk-block-heading__text{font-size:48px !important;color:#FFFFFF !important;font-family:\"Roboto\",Sans-serif !important}@media screen and (max-width:999px){.stk-7e130aa .stk-block-heading__text{font-size:48px !important}}<\/style><h3 class=\"stk-block-heading__text has-text-color has-white-color\">Mouvement minimaliste<\/h3><\/div>\n\n\n\n<div class=\"wp-block-stackable-text stk-block-text stk-block stk-d6f027a\" data-block-id=\"d6f027a\"><style>.stk-d6f027a{max-width:600px !important;min-width:auto !important;margin-right:0px !important;margin-left:auto !important}.stk-d6f027a .stk-block-text__text{color:#FFFFFF !important}<\/style><p class=\"stk-block-text__text has-text-color has-white-color\">Description de ce bloc. Utilisez cet espace pour d\u00e9crire votre bloc. N&rsquo;importe quel texte fera l&rsquo;affaire. Description de ce bloc. Vous pouvez utiliser cet espace pour d\u00e9crire votre bloc.<\/p><\/div>\n\n\n\n<div class=\"wp-block-stackable-button-group stk-block-button-group stk-block stk-cf23213\" data-block-id=\"cf23213\"><div class=\"stk-row stk-inner-blocks stk-block-content stk-button-group\">\n<div class=\"wp-block-stackable-button stk-block-button stk-block stk-ad31f39\" data-block-id=\"ad31f39\"><style>.stk-ad31f39 .stk-button{padding-right:24px !important;padding-left:24px !important;background:#FFFFFF !important}.stk-ad31f39 .stk-button__inner-text{font-size:18px !important;color:#000000 !important;font-family:-apple-system,BlinkMacSystemFont,\"Segoe UI\",Roboto,Helvetica,Arial,sans-serif,\"Apple Color Emoji\",\"Segoe UI Emoji\",\"Segoe UI Symbol\" !important}@media screen and (max-width:999px){.stk-ad31f39 .stk-button__inner-text{font-size:18px !important}}<\/style><a class=\"stk-link stk-button stk--hover-effect-darken\" href=\"\"><span class=\"has-text-color has-black-color stk-button__inner-text\">Apprendre encore plus<\/span><\/a><\/div>\n<\/div><\/div>\n<\/div><\/div><\/div>\n","protected":false},"excerpt":{"rendered":"<p>\u00ab\u00a0LE PREMIER CLUB O\u00d9 LE FOOTBALL RENCONTRE LES ARTS MARTIAUX\u00a0\u00bb D\u00e9claration des partenaires : \u00abNotre mission est de partager les valeurs qui nous unissent aux enfants du monde en promouvant la connaissance interculturelle, l&rsquo;\u00e9galit\u00e9, l&rsquo;inclusion et le respect, en utilisant le sport pour faciliter l&rsquo;impact positif que nous voulons avoir. Notre amiti\u00e9 s&rsquo;est traduite par [&hellip;]<\/p>\n","protected":false},"author":1,"featured_media":0,"parent":0,"menu_order":0,"comment_status":"closed","ping_status":"closed","template":"","meta":{"_gspb_post_css":"","_kad_blocks_custom_css":"","_kad_blocks_head_custom_js":"","_kad_blocks_body_custom_js":"","_kad_blocks_footer_custom_js":"","slim_seo":{"title":"Sur Nous - Sksportsholding.com","description":"\"LE PREMIER CLUB O\u00d9 LE FOOTBALL RENCONTRE LES ARTS MARTIAUX\" dasdasdasdasdasdasd Mouvement minimaliste Description de ce bloc. Utilisez cet espace pour d\u00e9crire"},"footnotes":""},"hf_cat_page":[],"class_list":["post-1432","page","type-page","status-publish","hentry"],"blocksy_meta":{"styles_descriptor":{"styles":{"desktop":"","tablet":"","mobile":""},"google_fonts":[],"version":6}},"taxonomy_info":[],"featured_image_src_large":false,"author_info":{"display_name":"remc@","author_link":"https:\/\/www.sksportsholding.com\/fr\/author\/eb57527b61aa31bc\/"},"comment_info":0,"_links":{"self":[{"href":"https:\/\/www.sksportsholding.com\/fr\/wp-json\/wp\/v2\/pages\/1432","targetHints":{"allow":["GET"]}}],"collection":[{"href":"https:\/\/www.sksportsholding.com\/fr\/wp-json\/wp\/v2\/pages"}],"about":[{"href":"https:\/\/www.sksportsholding.com\/fr\/wp-json\/wp\/v2\/types\/page"}],"author":[{"embeddable":true,"href":"https:\/\/www.sksportsholding.com\/fr\/wp-json\/wp\/v2\/users\/1"}],"replies":[{"embeddable":true,"href":"https:\/\/www.sksportsholding.com\/fr\/wp-json\/wp\/v2\/comments?post=1432"}],"version-history":[{"count":3,"href":"https:\/\/www.sksportsholding.com\/fr\/wp-json\/wp\/v2\/pages\/1432\/revisions"}],"predecessor-version":[{"id":1517,"href":"https:\/\/www.sksportsholding.com\/fr\/wp-json\/wp\/v2\/pages\/1432\/revisions\/1517"}],"wp:attachment":[{"href":"https:\/\/www.sksportsholding.com\/fr\/wp-json\/wp\/v2\/media?parent=1432"}],"wp:term":[{"taxonomy":"hf_cat_page","embeddable":true,"href":"https:\/\/www.sksportsholding.com\/fr\/wp-json\/wp\/v2\/hf_cat_page?post=1432"}],"curies":[{"name":"wp","href":"https:\/\/api.w.org\/{rel}","templated":true}]}}