{"id":1434,"date":"2021-10-29T10:15:12","date_gmt":"2021-10-29T10:15:12","guid":{"rendered":"https:\/\/www.sksportsholding.com\/sur\/methodologie-et-philosophie-du-skpc\/"},"modified":"2022-07-31T09:16:50","modified_gmt":"2022-07-31T09:16:50","slug":"methodologie-et-philosophie-du-skpc","status":"publish","type":"page","link":"https:\/\/www.sksportsholding.com\/fr\/sur\/methodologie-et-philosophie-du-skpc\/","title":{"rendered":"M\u00e9thodologie et philosophie du SKPC"},"content":{"rendered":"<style>#kt-layout-id_0d89de-81 > .kt-row-column-wrap{align-content:center;}:where(#kt-layout-id_0d89de-81 > .kt-row-column-wrap) > .wp-block-kadence-column{justify-content:center;}#kt-layout-id_0d89de-81 > .kt-row-column-wrap{column-gap:var(--global-kb-gap-md, 2rem);row-gap:var(--global-kb-gap-md, 2rem);max-width:1290px;padding-top:var( --global-kb-row-default-top, 25px );padding-bottom:var( --global-kb-row-default-bottom, 25px );padding-top:var(--global-kb-spacing-sm, 1.5rem);padding-bottom:var(--global-kb-spacing-sm, 1.5rem);min-height:100vh;grid-template-columns:minmax(0, 1fr);}#kt-layout-id_0d89de-81{background-image:url('https:\/\/www.sksportsholding.com\/wp-content\/uploads\/2021\/11\/gallery5.jpg');background-size:cover;background-position:center center;background-attachment:scroll;background-repeat:no-repeat;}#kt-layout-id_0d89de-81 > .kt-row-layout-overlay{opacity:0.20;background-color:var(u002du002dtheme-palette-color-4, #000000);}@media all and (max-width: 1024px){#kt-layout-id_0d89de-81 > .kt-row-column-wrap{grid-template-columns:minmax(0, 1fr);}}@media all and (max-width: 767px){#kt-layout-id_0d89de-81 > .kt-row-column-wrap{grid-template-columns:minmax(0, 1fr);}#kt-layout-id_0d89de-81{background-image:url('https:\/\/www.sksportsholding.com\/wp-content\/uploads\/2021\/11\/gallery5.jpg');background-size:cover;background-position:43% 56.00000000000001%;background-attachment:fixed;background-repeat:no-repeat;}}<\/style>\n<div class=\"wp-block-kadence-rowlayout alignfull\"><div id=\"kt-layout-id_0d89de-81\" class=\"kt-row-layout-inner kt-row-has-bg kt-layout-id_0d89de-81\"><div class=\"kt-row-layout-overlay kt-row-overlay-normal\"><\/div><div class=\"kt-row-column-wrap kt-has-1-columns kt-gutter-default kt-v-gutter-default kt-row-valign-middle kt-row-layout-equal kt-tab-layout-inherit kt-m-colapse-left-to-right kt-mobile-layout-row kb-theme-content-width\"><style>.kadence-column_050577-fa > .kt-inside-inner-col{padding-top:20px;padding-bottom:20px;padding-left:20px;padding-right:20px;}.kadence-column_050577-fa > .kt-inside-inner-col{border-top-width:0px;border-right-width:0px;border-bottom-width:0px;border-left-width:0px;}.kadence-column_050577-fa > .kt-inside-inner-col,.kadence-column_050577-fa > .kt-inside-inner-col:before{border-top-left-radius:4px;border-top-right-radius:4px;border-bottom-right-radius:4px;border-bottom-left-radius:4px;}.kadence-column_050577-fa > .kt-inside-inner-col{column-gap:var(--global-kb-gap-sm, 1rem);}.kadence-column_050577-fa > .kt-inside-inner-col{flex-direction:column;}.kadence-column_050577-fa > .kt-inside-inner-col > .aligncenter{width:100%;}.kadence-column_050577-fa > .kt-inside-inner-col{background-color:rgba(0, 0, 0, 0.45);}.kadence-column_050577-fa > .kt-inside-inner-col:before{opacity:0.3;}.kadence-column_050577-fa{position:relative;}.wp-block-kadence-column.kadence-column_050577-fa > .kt-inside-inner-col{margin-top:0px;}@media all and (max-width: 1024px){.kadence-column_050577-fa > .kt-inside-inner-col{flex-direction:column;justify-content:center;}}@media all and (max-width: 767px){.kadence-column_050577-fa > .kt-inside-inner-col{flex-direction:column;justify-content:center;}}<\/style>\n<div class=\"wp-block-kadence-column inner-column-1 kadence-column_050577-fa\"><div class=\"kt-inside-inner-col\">\n<div class=\"wp-block-columns is-layout-flex wp-container-core-columns-is-layout-28f84493 wp-block-columns-is-layout-flex\" data-block-type=\"core\">\n<div class=\"wp-block-column is-layout-flow wp-block-column-is-layout-flow\" data-block-type=\"core\">\n<div class=\"wp-block-stackable-heading stk-block-heading stk-block stk-d9876d4\" id=\"skpc-methodology-and-philosophy\" data-block-id=\"d9876d4\"><style>.stk-d9876d4 .stk-block-heading__text{font-size:30px !important;color:var(--theme-palette-color-8,#ffffff) !important}@media screen and (max-width:999px){.stk-d9876d4 .stk-block-heading__text{font-size:30px !important}}@media screen and (max-width:689px){.stk-d9876d4 .stk-block-heading__text{font-size:24px !important}}.stk-d9876d4 .stk-block-heading__bottom-line{width:20% !important;background-color:var(--theme-palette-color-2,#ba9953) !important}<\/style><h2 class=\"stk-block-heading__text has-text-color has-palette-color-8-color\">M\u00e9thodologie et philosophie du SKPC<\/h2><div class=\"stk-block-heading__bottom-line\"><\/div><\/div>\n\n\n\n<div class=\"wp-block-stackable-heading stk-block-heading stk-block stk-1fc87e0\" id=\"a-new-approach-to-football-academies-where-football-and-martial-arts-are-integrated-in-one-methodology-involving-boys-and-girls-in-an-educational-process-from-a-physical-and-psychological-point-of-view\" data-block-id=\"1fc87e0\"><style>@media screen and (max-width:689px){.stk-1fc87e0{margin-bottom:0px !important}}.stk-1fc87e0 .stk-block-heading__text{font-size:18px !important;color:var(--theme-palette-color-8,#ffffff) !important;font-weight:400 !important}@media screen and (max-width:999px){.stk-1fc87e0 .stk-block-heading__text{font-size:18px !important}}@media screen and (max-width:689px){.stk-1fc87e0 .stk-block-heading__text{font-size:18px !important}}.stk-1fc87e0 .stk-block-heading__bottom-line{background-color:var(--theme-palette-color-8,#ffffff) !important}<\/style><h3 class=\"stk-block-heading__text has-text-color has-palette-color-8-color\">Une nouvelle approche des acad\u00e9mies de football o\u00f9 le football et les arts martiaux sont int\u00e9gr\u00e9s dans une m\u00eame m\u00e9thodologie, impliquant les gar\u00e7ons et les filles dans un processus \u00e9ducatif d&rsquo;un point de vue physique et psychologique.  <\/h3><\/div>\n\n\n\n<div class=\"wp-block-stackable-heading stk-block-heading stk-block stk-657f0d0\" id=\"a-new-approach-to-football-academies-where-football-and-martial-arts-are-integrated-in-one-methodology-involving-boys-and-girls-in-an-educational-process-from-a-physical-and-psychological-point-of-view-a-science-based-system-that-will-use-the-most-comprehensive-and-sophisticated-knowledge-to-create-fun-exercises-and-activities-for-personal-development-where-the-beloved-sport-of-football-is-the-core-of-the-performance-club-during-the-weekly-programs-mma-will-be-part-of-specific-football-training-sessions-and-it-will-be-also-be-proposed-as-a-standalone-activity\" data-block-id=\"657f0d0\"><style>@media screen and (max-width:689px){.stk-657f0d0{margin-bottom:0px !important}}.stk-657f0d0 .stk-block-heading__text{font-size:18px !important;color:var(--theme-palette-color-8,#ffffff) !important;font-weight:400 !important}@media screen and (max-width:999px){.stk-657f0d0 .stk-block-heading__text{font-size:18px !important}}@media screen and (max-width:689px){.stk-657f0d0 .stk-block-heading__text{font-size:18px !important}}.stk-657f0d0 .stk-block-heading__bottom-line{background-color:var(--theme-palette-color-8,#ffffff) !important}<\/style><h3 class=\"stk-block-heading__text has-text-color has-palette-color-8-color\">Un syst\u00e8me bas\u00e9 sur la science qui utilisera les connaissances les plus compl\u00e8tes et les plus sophistiqu\u00e9es pour cr\u00e9er des exercices et des activit\u00e9s amusants pour le d\u00e9veloppement personnel o\u00f9 le sport bien-aim\u00e9 du football est au c\u0153ur du Performance Club. Au cours des programmes hebdomadaires, le MMA fera partie de s\u00e9ances d&rsquo;entra\u00eenement sp\u00e9cifiques au football et sera \u00e9galement propos\u00e9 en tant qu&rsquo;activit\u00e9 autonome.<\/h3><\/div>\n<\/div>\n\n\n\n<div class=\"wp-block-column is-layout-flow wp-block-column-is-layout-flow\" data-block-type=\"core\">\n<div class=\"wp-block-stackable-heading stk-block-heading stk-block stk-8ce3bc9\" id=\"a-new-approach-to-football-academies-where-football-and-martial-arts-are-integrated-in-one-methodology-involving-boys-and-girls-in-an-educational-process-from-a-physical-and-psychological-point-of-view-a-science-based-system-that-will-use-the-most-comprehensive-and-sophisticated-knowledge-to-create-fun-exercises-and-activities-for-personal-development-where-the-beloved-sport-of-football-is-the-core-of-the-performance-club-during-the-weekly-programs-mma-will-be-part-of-specific-football-training-sessions-and-it-will-be-also-be-proposed-as-a-standalone-activity\" data-block-id=\"8ce3bc9\"><style>@media screen and (max-width:689px){.stk-8ce3bc9{margin-bottom:0px !important}}.stk-8ce3bc9 .stk-block-heading__text{font-size:18px !important;color:var(--theme-palette-color-8,#ffffff) !important;font-weight:400 !important}@media screen and (max-width:999px){.stk-8ce3bc9 .stk-block-heading__text{font-size:18px !important}}@media screen and (max-width:689px){.stk-8ce3bc9 .stk-block-heading__text{font-size:18px !important}}.stk-8ce3bc9 .stk-block-heading__bottom-line{background-color:var(--theme-palette-color-8,#ffffff) !important}<\/style><h3 class=\"stk-block-heading__text has-text-color has-palette-color-8-color\">Une approche personnalis\u00e9e sera appliqu\u00e9e pour mettre chaque individu au d\u00e9fi d&rsquo;\u00eatre la meilleure version de lui-m\u00eame par des entra\u00eeneurs qui ont suivi un programme de formation sp\u00e9cifique pour mettre en \u0153uvre la m\u00e9thodologie et la philosophie du Performance Club.<\/h3><\/div>\n\n\n\n<div class=\"wp-block-stackable-heading stk-block-heading stk-block stk-c3b42f1\" id=\"a-new-approach-to-football-academies-where-football-and-martial-arts-are-integrated-in-one-methodology-involving-boys-and-girls-in-an-educational-process-from-a-physical-and-psychological-point-of-view-a-science-based-system-that-will-use-the-most-comprehensive-and-sophisticated-knowledge-to-create-fun-exercises-and-activities-for-personal-development-where-the-beloved-sport-of-football-is-the-core-of-the-performance-club-during-the-weekly-programs-mma-will-be-part-of-specific-football-training-sessions-and-it-will-be-also-be-proposed-as-a-standalone-activity\" data-block-id=\"c3b42f1\"><style>@media screen and (max-width:689px){.stk-c3b42f1{margin-bottom:0px !important}}.stk-c3b42f1 .stk-block-heading__text{font-size:18px !important;color:var(--theme-palette-color-8,#ffffff) !important;font-weight:400 !important}@media screen and (max-width:999px){.stk-c3b42f1 .stk-block-heading__text{font-size:18px !important}}@media screen and (max-width:689px){.stk-c3b42f1 .stk-block-heading__text{font-size:18px !important}}.stk-c3b42f1 .stk-block-heading__bottom-line{background-color:var(--theme-palette-color-8,#ffffff) !important}<\/style><h3 class=\"stk-block-heading__text has-text-color has-palette-color-8-color\">Les exercices ont \u00e9t\u00e9 d\u00e9velopp\u00e9s pour am\u00e9liorer la capacit\u00e9 d&rsquo;apprentissage et la cr\u00e9ativit\u00e9 d&rsquo;une mani\u00e8re profonde qui augmentera l&rsquo;intelligence sociale et \u00e9motionnelle des participants.<\/h3><\/div>\n\n\n\n<div class=\"wp-block-stackable-heading stk-block-heading stk-block stk-7095f5c\" id=\"a-new-approach-to-football-academies-where-football-and-martial-arts-are-integrated-in-one-methodology-involving-boys-and-girls-in-an-educational-process-from-a-physical-and-psychological-point-of-view-a-science-based-system-that-will-use-the-most-comprehensive-and-sophisticated-knowledge-to-create-fun-exercises-and-activities-for-personal-development-where-the-beloved-sport-of-football-is-the-core-of-the-performance-club-during-the-weekly-programs-mma-will-be-part-of-specific-football-training-sessions-and-it-will-be-also-be-proposed-as-a-standalone-activity\" data-block-id=\"7095f5c\"><style>@media screen and (max-width:689px){.stk-7095f5c{margin-bottom:0px !important}}.stk-7095f5c .stk-block-heading__text{font-size:18px !important;color:var(--theme-palette-color-8,#ffffff) !important;font-weight:400 !important}@media screen and (max-width:999px){.stk-7095f5c .stk-block-heading__text{font-size:18px !important}}@media screen and (max-width:689px){.stk-7095f5c .stk-block-heading__text{font-size:18px !important}}.stk-7095f5c .stk-block-heading__bottom-line{background-color:var(--theme-palette-color-8,#ffffff) !important}<\/style><h3 class=\"stk-block-heading__text has-text-color has-palette-color-8-color\">Un r\u00e9seau mondial de clubs de performance qui cr\u00e9era des opportunit\u00e9s interculturelles o\u00f9 les valeurs d&rsquo;\u00e9galit\u00e9, d&rsquo;inclusion, d&rsquo;amiti\u00e9 et de respect, entre autres valeurs, seront promues et respect\u00e9es.<\/h3><\/div>\n\n\n\n<div class=\"wp-block-stackable-text stk-block-text stk-block stk-e35086f\" data-block-id=\"e35086f\"><p class=\"stk-block-text__text\"><\/p><\/div>\n<\/div>\n<\/div>\n<\/div><\/div>\n<\/div><\/div><\/div>\n","protected":false},"excerpt":{"rendered":"<p>M\u00e9thodologie et philosophie du SKPC Une nouvelle approche des acad\u00e9mies de football o\u00f9 le football et les arts martiaux sont int\u00e9gr\u00e9s dans une m\u00eame m\u00e9thodologie, impliquant les gar\u00e7ons et les filles dans un processus \u00e9ducatif d&rsquo;un point de vue physique et psychologique. Un syst\u00e8me bas\u00e9 sur la science qui utilisera les connaissances les plus compl\u00e8tes [&hellip;]<\/p>\n","protected":false},"author":1,"featured_media":1145,"parent":1432,"menu_order":0,"comment_status":"closed","ping_status":"closed","template":"","meta":{"_gspb_post_css":"","_kad_blocks_custom_css":"","_kad_blocks_head_custom_js":"","_kad_blocks_body_custom_js":"","_kad_blocks_footer_custom_js":"","slim_seo":{"title":"SKPC Methodology and Philosophy","description":"A new approach to football academies where football and martial arts are integrated in one methodology, involving boys and girls in an educational process from a physical and psychological point of view."},"footnotes":""},"hf_cat_page":[],"class_list":["post-1434","page","type-page","status-publish","has-post-thumbnail","hentry"],"blocksy_meta":{"styles_descriptor":{"styles":{"desktop":"","tablet":"","mobile":""},"google_fonts":[],"version":6},"page_title_panel":"","has_hero_section":"default","25788b94e7059b5e249d680b97684d20":"","hero_section":"type-1","hero_elements":[{"id":"custom_title","enabled":true,"heading_tag":"h1","title":"Home"},{"id":"custom_description","enabled":true,"description_visibility":{"desktop":true,"tablet":true,"mobile":false}},{"id":"custom_meta","enabled":false,"meta_elements":[{"id":"author","enabled":true,"label":"By","has_author_avatar":"yes","avatar_size":25},{"id":"post_date","enabled":true,"label":"On","date_format_source":"default","date_format":"M j, Y"},{"id":"updated_date","enabled":false,"label":"On","date_format_source":"default","date_format":"M j, Y"},{"id":"categories","enabled":false,"label":"In","style":"simple"},{"id":"comments","enabled":true}],"page_meta_elements":{"joined":true,"articles_count":true,"comments":true}},{"id":"breadcrumbs","enabled":false}],"d8ab490d0edc707f4f7b2c38a077731d":"","hero_alignment1":"CT_CSS_SKIP_RULE","hero_margin":40,"hero_alignment2":"center","hero_vertical_alignment":"center","ed0ba3191ad8010c515132d5f0254f12":"","hero_structure":"narrow","848c29f4b7d5aed96fe494c7a1c5ea54":"","page_title_bg_type":"featured_image","custom_hero_background":{"attachment_id":null},"page_title_image_size":"full","parallax":{"desktop":false,"tablet":false,"mobile":false},"2a85ab43a338081e9ae960d70f8a75b5":"","hero_height":"250px","pageTitleFont":{"family":"Default","variation":"Default","size":"30px","line-height":"CT_CSS_SKIP_RULE","letter-spacing":"CT_CSS_SKIP_RULE","text-transform":"CT_CSS_SKIP_RULE","text-decoration":"CT_CSS_SKIP_RULE"},"pageTitleFontColor":{"default":{"color":"CT_CSS_SKIP_RULEDEFAULT"}},"pageMetaFont":{"family":"Default","variation":"n6","size":"12px","line-height":"1.3","letter-spacing":"CT_CSS_SKIP_RULE","text-transform":"uppercase","text-decoration":"CT_CSS_SKIP_RULE"},"pageMetaFontColor":{"default":{"color":"CT_CSS_SKIP_RULEDEFAULT"},"hover":{"color":"CT_CSS_SKIP_RULEDEFAULT"}},"page_meta_button_type_font_colors":{"default":{"color":"CT_CSS_SKIP_RULEDEFAULT"},"hover":{"color":"CT_CSS_SKIP_RULEDEFAULT"}},"page_meta_button_type_background_colors":{"default":{"color":"CT_CSS_SKIP_RULEDEFAULT"},"hover":{"color":"CT_CSS_SKIP_RULEDEFAULT"}},"pageExcerptFont":{"family":"Default","variation":"Default","size":"CT_CSS_SKIP_RULE","line-height":"CT_CSS_SKIP_RULE","letter-spacing":"CT_CSS_SKIP_RULE","text-transform":"CT_CSS_SKIP_RULE","text-decoration":"CT_CSS_SKIP_RULE"},"pageExcerptColor":{"default":{"color":"CT_CSS_SKIP_RULEDEFAULT"}},"breadcrumbsFont":{"family":"Default","variation":"Default","size":"CT_CSS_SKIP_RULE","line-height":"CT_CSS_SKIP_RULE","letter-spacing":"CT_CSS_SKIP_RULE","text-transform":"CT_CSS_SKIP_RULE","text-decoration":"CT_CSS_SKIP_RULE"},"breadcrumbsFontColor":{"default":{"color":"CT_CSS_SKIP_RULEDEFAULT"},"initial":{"color":"CT_CSS_SKIP_RULEDEFAULT"},"hover":{"color":"CT_CSS_SKIP_RULEDEFAULT"}},"acf_field_hero_elements":"","typography":{"family":"Default","variation":"Default","size":"CT_CSS_SKIP_RULE","line-height":"CT_CSS_SKIP_RULE","letter-spacing":"CT_CSS_SKIP_RULE","text-transform":"CT_CSS_SKIP_RULE","text-decoration":"CT_CSS_SKIP_RULE"},"color":{"default":{"color":"CT_CSS_SKIP_RULEDEFAULT"},"hover":{"color":"CT_CSS_SKIP_RULEDEFAULT"}},"metabox_field_hero_elements":"","toolset_field_hero_elements":"","jetengine_field_hero_elements":"","custom_field_hero_elements":"","pageTitleOverlay":{"background_type":"color","background_pattern":"type-1","background_image":{"attachment_id":null,"x":0,"y":0},"gradient":"linear-gradient(135deg,rgba(6,147,227,1) 0%,rgb(155,81,224) 100%)","background_repeat":"repeat","background_size":"auto","background_attachment":"scroll","patternColor":{"default":{"color":"#e5e7ea"}},"overlayColor":{"default":{"color":"CT_CSS_SKIP_RULE"}},"backgroundColor":{"default":{"color":"CT_CSS_SKIP_RULE"}}},"pageTitleBackground":{"background_type":"color","background_pattern":"type-1","background_image":{"attachment_id":null,"x":0,"y":0},"gradient":"linear-gradient(135deg,rgba(6,147,227,1) 0%,rgb(155,81,224) 100%)","background_repeat":"repeat","background_size":"auto","background_attachment":"scroll","patternColor":{"default":{"color":"#e5e7ea"}},"overlayColor":{"default":{"color":"CT_CSS_SKIP_RULE"}},"backgroundColor":{"default":{"color":"var(--theme-palette-color-6)"}}},"pageTitlePadding":{"top":"50px","bottom":"50px","left":"auto","right":"auto","linked":true},"fc3719daac30f32b6f49b31c9bd83bea":"","page_structure_type":"default","de0edb9ed5f8a8e4e32580265d080cc7":"","content_style_source":"inherit","content_style":"wide","vertical_spacing_source":"custom","content_area_spacing":"none","background":{"background_type":"color","background_pattern":"type-1","background_image":{"attachment_id":null,"x":0,"y":0},"gradient":"linear-gradient(135deg,rgba(6,147,227,1) 0%,rgb(155,81,224) 100%)","background_repeat":"repeat","background_size":"auto","background_attachment":"scroll","patternColor":{"default":{"color":"#e5e7ea"}},"overlayColor":{"default":{"color":"CT_CSS_SKIP_RULE"}},"backgroundColor":{"default":{"color":"CT_CSS_SKIP_RULE"}}},"content_background":{"background_type":"color","background_pattern":"type-1","background_image":{"attachment_id":null,"x":0,"y":0},"gradient":"linear-gradient(135deg,rgba(6,147,227,1) 0%,rgb(155,81,224) 100%)","background_repeat":"repeat","background_size":"auto","background_attachment":"scroll","patternColor":{"default":{"color":"#e5e7ea"}},"overlayColor":{"default":{"color":"CT_CSS_SKIP_RULE"}},"backgroundColor":{"default":{"color":"var(--theme-palette-color-8)"}}},"content_boxed_shadow":{"inherit":false,"blur":18,"spread":-6,"v_offset":12,"h_offset":0,"inset":false,"enable":true,"color":{"color":"rgba(34, 56, 101, 0.04)"}},"content_boxed_border":{"width":1,"style":"none","color":{"color":"rgba(44,62,80,0.2)"}},"content_boxed_radius":{"top":"3px","bottom":"3px","left":"3px","right":"3px","linked":true},"boxed_content_spacing":{"desktop":{"top":"40px","bottom":"40px","left":"40px","right":"40px","linked":true},"tablet":{"top":"35px","bottom":"35px","left":"35px","right":"35px","linked":true},"mobile":{"top":"20px","bottom":"20px","left":"20px","right":"20px","linked":true}},"0075d6bdde131b7a62a4cdafef36f936":"","disable_featured_image":"no","disable_share_box":"no","disable_header":"no","disable_footer":"no","6fb43d19783f8c8bcd554d2ff636ba8b":"","header_footer_scripts_panel":"","header_scripts":"","ed6576f7c5b00ce5336c5ab923099eb8":"","header_after_body_scripts":"","e114972b00d10f2f95cb6a96cc7395fd":"","footer_scripts":""},"taxonomy_info":[],"featured_image_src_large":["https:\/\/www.sksportsholding.com\/wp-content\/uploads\/2021\/11\/methodology-1024x681.jpg",1024,681,true],"author_info":{"display_name":"remc@","author_link":"https:\/\/www.sksportsholding.com\/fr\/author\/eb57527b61aa31bc\/"},"comment_info":0,"_links":{"self":[{"href":"https:\/\/www.sksportsholding.com\/fr\/wp-json\/wp\/v2\/pages\/1434","targetHints":{"allow":["GET"]}}],"collection":[{"href":"https:\/\/www.sksportsholding.com\/fr\/wp-json\/wp\/v2\/pages"}],"about":[{"href":"https:\/\/www.sksportsholding.com\/fr\/wp-json\/wp\/v2\/types\/page"}],"author":[{"embeddable":true,"href":"https:\/\/www.sksportsholding.com\/fr\/wp-json\/wp\/v2\/users\/1"}],"replies":[{"embeddable":true,"href":"https:\/\/www.sksportsholding.com\/fr\/wp-json\/wp\/v2\/comments?post=1434"}],"version-history":[{"count":9,"href":"https:\/\/www.sksportsholding.com\/fr\/wp-json\/wp\/v2\/pages\/1434\/revisions"}],"predecessor-version":[{"id":2516,"href":"https:\/\/www.sksportsholding.com\/fr\/wp-json\/wp\/v2\/pages\/1434\/revisions\/2516"}],"up":[{"embeddable":true,"href":"https:\/\/www.sksportsholding.com\/fr\/wp-json\/wp\/v2\/pages\/1432"}],"wp:featuredmedia":[{"embeddable":true,"href":"https:\/\/www.sksportsholding.com\/fr\/wp-json\/wp\/v2\/media\/1145"}],"wp:attachment":[{"href":"https:\/\/www.sksportsholding.com\/fr\/wp-json\/wp\/v2\/media?parent=1434"}],"wp:term":[{"taxonomy":"hf_cat_page","embeddable":true,"href":"https:\/\/www.sksportsholding.com\/fr\/wp-json\/wp\/v2\/hf_cat_page?post=1434"}],"curies":[{"name":"wp","href":"https:\/\/api.w.org\/{rel}","templated":true}]}}