{"id":1468,"date":"2021-11-30T14:06:27","date_gmt":"2021-11-30T14:06:27","guid":{"rendered":"https:\/\/www.sksportsholding.com\/sur\/declaration-des-partenaires\/"},"modified":"2022-07-05T09:52:59","modified_gmt":"2022-07-05T09:52:59","slug":"declaration-des-partenaires","status":"publish","type":"page","link":"https:\/\/www.sksportsholding.com\/fr\/sur\/declaration-des-partenaires\/","title":{"rendered":"D\u00e9claration des partenaires"},"content":{"rendered":"<style>#kt-layout-id_60a2c0-59 > .kt-row-column-wrap{align-content:center;}:where(#kt-layout-id_60a2c0-59 > .kt-row-column-wrap) > .wp-block-kadence-column{justify-content:center;}#kt-layout-id_60a2c0-59 > .kt-row-column-wrap{column-gap:var(--global-kb-gap-md, 2rem);row-gap:var(--global-kb-gap-md, 2rem);max-width:1290px;padding-top:var( --global-kb-row-default-top, 25px );padding-bottom:var( --global-kb-row-default-bottom, 25px );padding-top:var(--global-kb-spacing-sm, 1.5rem);padding-bottom:var(--global-kb-spacing-sm, 1.5rem);min-height:100vh;grid-template-columns:minmax(0, 1fr);}#kt-layout-id_60a2c0-59{background-image:url('https:\/\/www.sksportsholding.com\/wp-content\/uploads\/2021\/11\/statementfromthepartners.jpg');background-size:cover;background-position:center center;background-attachment:scroll;background-repeat:no-repeat;}#kt-layout-id_60a2c0-59 > .kt-row-layout-overlay{opacity:0.20;background-color:var(u002du002dtheme-palette-color-4, #000000);}@media all and (max-width: 1024px){#kt-layout-id_60a2c0-59 > .kt-row-column-wrap{grid-template-columns:minmax(0, 1fr);}}@media all and (max-width: 767px){#kt-layout-id_60a2c0-59 > .kt-row-column-wrap{grid-template-columns:minmax(0, 1fr);}#kt-layout-id_60a2c0-59{background-image:url('https:\/\/www.sksportsholding.com\/wp-content\/uploads\/2021\/11\/statementfromthepartners.jpg');background-size:cover;background-position:45% 32%;background-attachment:fixed;background-repeat:no-repeat;}}<\/style>\n<div class=\"wp-block-kadence-rowlayout alignfull\"><div id=\"kt-layout-id_60a2c0-59\" class=\"kt-row-layout-inner kt-row-has-bg kt-layout-id_60a2c0-59\"><div class=\"kt-row-layout-overlay kt-row-overlay-normal\"><\/div><div class=\"kt-row-column-wrap kt-has-1-columns kt-gutter-default kt-v-gutter-default kt-row-valign-middle kt-row-layout-equal kt-tab-layout-inherit kt-m-colapse-left-to-right kt-mobile-layout-row kb-theme-content-width\"><style>.kadence-column_005819-95 > .kt-inside-inner-col{padding-top:20px;padding-bottom:20px;padding-left:20px;padding-right:20px;}.kadence-column_005819-95 > .kt-inside-inner-col{border-top-width:0px;border-right-width:0px;border-bottom-width:0px;border-left-width:0px;}.kadence-column_005819-95 > .kt-inside-inner-col,.kadence-column_005819-95 > .kt-inside-inner-col:before{border-top-left-radius:4px;border-top-right-radius:4px;border-bottom-right-radius:4px;border-bottom-left-radius:4px;}.kadence-column_005819-95 > .kt-inside-inner-col{column-gap:var(--global-kb-gap-sm, 1rem);}.kadence-column_005819-95 > .kt-inside-inner-col{flex-direction:column;}.kadence-column_005819-95 > .kt-inside-inner-col > .aligncenter{width:100%;}.kadence-column_005819-95 > .kt-inside-inner-col{background-color:rgba(0, 0, 0, 0.45);}.kadence-column_005819-95 > .kt-inside-inner-col:before{opacity:0.3;}.kadence-column_005819-95{position:relative;}.wp-block-kadence-column.kadence-column_005819-95 > .kt-inside-inner-col{margin-top:0px;}@media all and (max-width: 1024px){.kadence-column_005819-95 > .kt-inside-inner-col{flex-direction:column;justify-content:center;}}@media all and (max-width: 767px){.kadence-column_005819-95 > .kt-inside-inner-col{flex-direction:column;justify-content:center;}}<\/style>\n<div class=\"wp-block-kadence-column inner-column-1 kadence-column_005819-95\"><div class=\"kt-inside-inner-col\">\n<div class=\"wp-block-stackable-heading stk-block-heading stk-block stk-d9876d4\" id=\"statement-from-the-partners\" data-block-id=\"d9876d4\"><style>.stk-d9876d4 .stk-block-heading__text{color:var(--theme-palette-color-8,#ffffff) !important}@media screen and (max-width:689px){.stk-d9876d4 .stk-block-heading__text{font-size:28px !important}}.stk-d9876d4 .stk-block-heading__bottom-line{width:20% !important;background-color:var(--theme-palette-color-2,#ba9953) !important}<\/style><h2 class=\"stk-block-heading__text has-text-color has-palette-color-8-color\">D\u00e9claration des partenaires<\/h2><div class=\"stk-block-heading__bottom-line\"><\/div><\/div>\n\n\n\n<div class=\"wp-block-stackable-heading stk-block-heading stk-block stk-1fc87e0\" id=\"we-share-the-same-life-mission-being-both-committed-to-give-back-to-the-community-and-positively-influence-the-next-generation-seedorf-khabib-performance-club-will-improve-technical-and-life-skills-to-create-healthy-and-good-people\" data-block-id=\"1fc87e0\"><style>@media screen and (max-width:689px){.stk-1fc87e0{margin-bottom:0px !important}}.stk-1fc87e0 .stk-block-heading__text{font-size:18px !important;color:var(--theme-palette-color-8,#ffffff) !important;font-weight:400 !important}@media screen and (max-width:999px){.stk-1fc87e0 .stk-block-heading__text{font-size:18px !important}}@media screen and (max-width:689px){.stk-1fc87e0 .stk-block-heading__text{font-size:18px !important}}.stk-1fc87e0 .stk-block-heading__bottom-line{background-color:var(--theme-palette-color-8,#ffffff) !important}<\/style><h3 class=\"stk-block-heading__text has-text-color has-palette-color-8-color\">Nous partageons la m\u00eame mission de vie, \u00e9tant tous deux engag\u00e9s \u00e0 redonner \u00e0 la communaut\u00e9 et \u00e0 influencer positivement la prochaine g\u00e9n\u00e9ration. Seedorf Khabib Performance Club am\u00e9liorera les comp\u00e9tences techniques et de vie pour cr\u00e9er des personnes saines et bonnes. <\/h3><\/div>\n\n\n\n<div class=\"wp-block-stackable-heading stk-block-heading stk-block stk-8761bc1\" id=\"statement-from-the-partners\" data-block-id=\"8761bc1\"><style>.stk-8761bc1{margin-top:4px !important}.stk-8761bc1 .stk-block-heading__text{color:var(--theme-palette-color-2,#ba9953) !important}@media screen and (max-width:689px){.stk-8761bc1 .stk-block-heading__text{font-size:28px !important}}.stk-8761bc1 .stk-block-heading__bottom-line{width:20% !important;background-color:var(--theme-palette-color-2,#ba9953) !important}<\/style><h3 class=\"stk-block-heading__text has-text-color has-text-align-center\">\u2026De bonnes personnes et \u00e9ventuellement de grands athl\u00e8tes<\/h3><\/div>\n<\/div><\/div>\n<\/div><\/div><\/div>\n","protected":false},"excerpt":{"rendered":"<p>D\u00e9claration des partenaires Nous partageons la m\u00eame mission de vie, \u00e9tant tous deux engag\u00e9s \u00e0 redonner \u00e0 la communaut\u00e9 et \u00e0 influencer positivement la prochaine g\u00e9n\u00e9ration. Seedorf Khabib Performance Club am\u00e9liorera les comp\u00e9tences techniques et de vie pour cr\u00e9er des personnes saines et bonnes. \u2026De bonnes personnes et \u00e9ventuellement de grands athl\u00e8tes<\/p>\n","protected":false},"author":1,"featured_media":0,"parent":1432,"menu_order":0,"comment_status":"closed","ping_status":"closed","template":"","meta":{"_gspb_post_css":"","_kad_blocks_custom_css":"","_kad_blocks_head_custom_js":"","_kad_blocks_body_custom_js":"","_kad_blocks_footer_custom_js":"","slim_seo":{"title":"D\u00e9claration des partenaires - Sksportsholding.com","description":""},"footnotes":""},"hf_cat_page":[],"class_list":["post-1468","page","type-page","status-publish","hentry"],"blocksy_meta":{"styles_descriptor":{"styles":{"desktop":"","tablet":"","mobile":""},"google_fonts":[],"version":6},"page_title_panel":"","has_hero_section":"default","d0a9954f4a7b724a10d5f10647e6db0c":"","hero_section":"type-1","hero_elements":[{"id":"custom_title","enabled":true,"heading_tag":"h1","title":"Home"},{"id":"custom_description","enabled":true,"description_visibility":{"desktop":true,"tablet":true,"mobile":false}},{"id":"custom_meta","enabled":false,"meta_elements":[{"id":"author","enabled":true,"label":"By","has_author_avatar":"yes","avatar_size":25},{"id":"post_date","enabled":true,"label":"On","date_format_source":"default","date_format":"M j, Y"},{"id":"updated_date","enabled":false,"label":"On","date_format_source":"default","date_format":"M j, Y"},{"id":"categories","enabled":false,"label":"In","style":"simple"},{"id":"comments","enabled":true}],"page_meta_elements":{"joined":true,"articles_count":true,"comments":true}},{"id":"breadcrumbs","enabled":false}],"c16de9e7f6a1584c527e5e419b548c2d":"","hero_alignment1":"CT_CSS_SKIP_RULE","hero_margin":40,"hero_alignment2":"center","hero_vertical_alignment":"center","fb0c5a1b197cc24c2f27fcf583e7a781":"","hero_structure":"narrow","7cc7ed69071a12d9fba02890aacb460d":"","page_title_bg_type":"featured_image","custom_hero_background":{"attachment_id":null},"parallax":{"desktop":false,"tablet":false,"mobile":false},"2be40a48ada9be271d6f6437a9b76ad1":"","hero_height":"250px","pageTitleFont":{"family":"Default","variation":"Default","size":"30px","line-height":"CT_CSS_SKIP_RULE","letter-spacing":"CT_CSS_SKIP_RULE","text-transform":"CT_CSS_SKIP_RULE","text-decoration":"CT_CSS_SKIP_RULE"},"pageTitleFontColor":{"default":{"color":"CT_CSS_SKIP_RULEDEFAULT"}},"pageMetaFont":{"family":"Default","variation":"n6","size":"12px","line-height":"1.3","letter-spacing":"CT_CSS_SKIP_RULE","text-transform":"uppercase","text-decoration":"CT_CSS_SKIP_RULE"},"pageMetaFontColor":{"default":{"color":"CT_CSS_SKIP_RULEDEFAULT"},"hover":{"color":"CT_CSS_SKIP_RULEDEFAULT"}},"page_meta_button_type_font_colors":{"default":{"color":"CT_CSS_SKIP_RULEDEFAULT"},"hover":{"color":"CT_CSS_SKIP_RULEDEFAULT"}},"page_meta_button_type_background_colors":{"default":{"color":"CT_CSS_SKIP_RULEDEFAULT"},"hover":{"color":"CT_CSS_SKIP_RULEDEFAULT"}},"pageExcerptFont":{"family":"Default","variation":"Default","size":"CT_CSS_SKIP_RULE","line-height":"CT_CSS_SKIP_RULE","letter-spacing":"CT_CSS_SKIP_RULE","text-transform":"CT_CSS_SKIP_RULE","text-decoration":"CT_CSS_SKIP_RULE"},"pageExcerptColor":{"default":{"color":"CT_CSS_SKIP_RULEDEFAULT"}},"breadcrumbsFont":{"family":"Default","variation":"Default","size":"CT_CSS_SKIP_RULE","line-height":"CT_CSS_SKIP_RULE","letter-spacing":"CT_CSS_SKIP_RULE","text-transform":"CT_CSS_SKIP_RULE","text-decoration":"CT_CSS_SKIP_RULE"},"breadcrumbsFontColor":{"default":{"color":"CT_CSS_SKIP_RULEDEFAULT"},"initial":{"color":"CT_CSS_SKIP_RULEDEFAULT"},"hover":{"color":"CT_CSS_SKIP_RULEDEFAULT"}},"pageTitleOverlay":{"background_type":"color","background_pattern":"type-1","background_image":{"attachment_id":null,"x":0,"y":0},"gradient":"linear-gradient(135deg,rgba(6,147,227,1) 0%,rgb(155,81,224) 100%)","background_repeat":"repeat","background_size":"auto","background_attachment":"scroll","patternColor":{"default":{"color":"#e5e7ea"}},"overlayColor":{"default":{"color":"CT_CSS_SKIP_RULE"}},"backgroundColor":{"default":{"color":"CT_CSS_SKIP_RULE"}}},"pageTitleBackground":{"background_type":"color","background_pattern":"type-1","background_image":{"attachment_id":null,"x":0,"y":0},"gradient":"linear-gradient(135deg,rgba(6,147,227,1) 0%,rgb(155,81,224) 100%)","background_repeat":"repeat","background_size":"auto","background_attachment":"scroll","patternColor":{"default":{"color":"#e5e7ea"}},"overlayColor":{"default":{"color":"CT_CSS_SKIP_RULE"}},"backgroundColor":{"default":{"color":"var(--theme-palette-color-6)"}}},"pageTitlePadding":{"top":"50px","bottom":"50px","left":"auto","right":"auto","linked":true},"576ba4035ade02ac80b08ac013a0a3f6":"","page_structure_type":"default","5138678289b6c9cc998d89f50c727548":"","content_style_source":"inherit","content_style":"wide","vertical_spacing_source":"custom","content_area_spacing":"none","background":{"background_type":"color","background_pattern":"type-1","background_image":{"attachment_id":null,"x":0,"y":0},"gradient":"linear-gradient(135deg,rgba(6,147,227,1) 0%,rgb(155,81,224) 100%)","background_repeat":"repeat","background_size":"auto","background_attachment":"scroll","patternColor":{"default":{"color":"#e5e7ea"}},"overlayColor":{"default":{"color":"CT_CSS_SKIP_RULE"}},"backgroundColor":{"default":{"color":"CT_CSS_SKIP_RULE"}}},"content_background":{"background_type":"color","background_pattern":"type-1","background_image":{"attachment_id":null,"x":0,"y":0},"gradient":"linear-gradient(135deg,rgba(6,147,227,1) 0%,rgb(155,81,224) 100%)","background_repeat":"repeat","background_size":"auto","background_attachment":"scroll","patternColor":{"default":{"color":"#e5e7ea"}},"overlayColor":{"default":{"color":"CT_CSS_SKIP_RULE"}},"backgroundColor":{"default":{"color":"var(--theme-palette-color-8)"}}},"content_boxed_shadow":{"inherit":false,"blur":18,"spread":-6,"v_offset":12,"h_offset":0,"inset":false,"enable":true,"color":{"color":"rgba(34, 56, 101, 0.04)"}},"boxed_content_spacing":{"desktop":{"top":"40px","bottom":"40px","left":"40px","right":"40px","linked":true},"tablet":{"top":"35px","bottom":"35px","left":"35px","right":"35px","linked":true},"mobile":{"top":"20px","bottom":"20px","left":"20px","right":"20px","linked":true}},"content_boxed_radius":{"top":"3px","bottom":"3px","left":"3px","right":"3px","linked":true},"ef5611eb3bd0a670b12b26ce9a1a1aba":"","disable_featured_image":"no","disable_header":"no","disable_footer":"no","d5bcb06c8b4df649903966c00301ebf3":"","header_footer_scripts_panel":"","header_scripts":"","fe74d085cff7d6b2d3e0dc92ace8dc00":"","header_after_body_scripts":"","220a800dcde1abefe6a14a5b1660febb":"","footer_scripts":""},"taxonomy_info":[],"featured_image_src_large":false,"author_info":{"display_name":"remc@","author_link":"https:\/\/www.sksportsholding.com\/fr\/author\/eb57527b61aa31bc\/"},"comment_info":0,"_links":{"self":[{"href":"https:\/\/www.sksportsholding.com\/fr\/wp-json\/wp\/v2\/pages\/1468","targetHints":{"allow":["GET"]}}],"collection":[{"href":"https:\/\/www.sksportsholding.com\/fr\/wp-json\/wp\/v2\/pages"}],"about":[{"href":"https:\/\/www.sksportsholding.com\/fr\/wp-json\/wp\/v2\/types\/page"}],"author":[{"embeddable":true,"href":"https:\/\/www.sksportsholding.com\/fr\/wp-json\/wp\/v2\/users\/1"}],"replies":[{"embeddable":true,"href":"https:\/\/www.sksportsholding.com\/fr\/wp-json\/wp\/v2\/comments?post=1468"}],"version-history":[{"count":5,"href":"https:\/\/www.sksportsholding.com\/fr\/wp-json\/wp\/v2\/pages\/1468\/revisions"}],"predecessor-version":[{"id":1793,"href":"https:\/\/www.sksportsholding.com\/fr\/wp-json\/wp\/v2\/pages\/1468\/revisions\/1793"}],"up":[{"embeddable":true,"href":"https:\/\/www.sksportsholding.com\/fr\/wp-json\/wp\/v2\/pages\/1432"}],"wp:attachment":[{"href":"https:\/\/www.sksportsholding.com\/fr\/wp-json\/wp\/v2\/media?parent=1468"}],"wp:term":[{"taxonomy":"hf_cat_page","embeddable":true,"href":"https:\/\/www.sksportsholding.com\/fr\/wp-json\/wp\/v2\/hf_cat_page?post=1468"}],"curies":[{"name":"wp","href":"https:\/\/api.w.org\/{rel}","templated":true}]}}