{"id":1490,"date":"2022-04-25T14:10:22","date_gmt":"2022-04-25T14:10:22","guid":{"rendered":"https:\/\/www.sksportsholding.com\/declaration-de-confidentialite-pour-les-enfants-ca\/"},"modified":"2022-06-21T11:01:20","modified_gmt":"2022-06-21T11:01:20","slug":"declaration-de-confidentialite-pour-les-enfants-ca","status":"publish","type":"page","link":"https:\/\/www.sksportsholding.com\/fr\/declaration-de-confidentialite-pour-les-enfants-ca\/","title":{"rendered":"D\u00e9claration de confidentialit\u00e9 pour les enfants (CA)"},"content":{"rendered":"\n<!-- Legal document generated by Complianz | GDPR\/CCPA Cookie Consent https:\/\/wordpress.org\/plugins\/complianz-gdpr -->\n<div id=\"cmplz-document\" class=\"cmplz-document privacy-statement-children cmplz-document-ca\"><p><i>Cette d\u00e9claration de confidentialit\u00e9 a \u00e9t\u00e9 modifi\u00e9e pour la derni\u00e8re fois le 14 novembre 2023, a \u00e9t\u00e9 v\u00e9rifi\u00e9e pour la derni\u00e8re fois le 14 novembre 2023 et s\u2019applique aux citoyens et aux r\u00e9sidents permanents l\u00e9gaux du Canada.<\/i><br \/><br \/><\/p><p>Dans cette d\u00e9claration de confidentialit\u00e9, nous expliquons ce que nous faisons avec les donn\u00e9es que nous obtenons sur les enfants via <a href=\"https:\/\/www.sksportsholding.com\/fr\/\">https:\/\/www.sksportsholding.com\/fr\/<\/a>. Nous vous recommandons de lire attentivement cette d\u00e9claration. Dans notre traitement, nous respectons les exigences de la l\u00e9gislation canadienne sur la protection des renseignements personnels. Cela signifie, entre autres, que\u00a0:<\/p><ul>\n                <li>nous indiquons clairement les finalit\u00e9s pour lesquelles nous traitons les donn\u00e9es personnelles. Nous le faisons au moyen de cette d\u00e9claration de confidentialit\u00e9;<\/li>\n                <li>nous visons \u00e0 limiter notre recueil de donn\u00e9es personnelles uniquement aux donn\u00e9es personnelles n\u00e9cessaires \u00e0 des finalit\u00e9s l\u00e9gitimes;<\/li>\n                <li>nous demandons d\u2019abord le consentement aux parents de traiter les donn\u00e9es personnelles dans les cas demandant un consentement parental\u00a0;<\/li>\n                <li>nous prenons des mesures de s\u00e9curit\u00e9 appropri\u00e9es afin de prot\u00e9ger les donn\u00e9es personnelles des enfants, et nous en demandons autant des parties traitant des donn\u00e9es personnelles pour nous;<\/li>\n                <li>nous respectons le droit d\u2019acc\u00e9der aux donn\u00e9es personnelles des enfants ou de les faire corriger ou supprimer, \u00e0 la demande d\u2019un parent ou gardien.<\/li>\n            <\/ul><p>Si vous avez des questions, ou si vous voulez prendre connaissance des donn\u00e9es exactes que nous stockons \u00e0 propos de vous ou votre enfant, veuillez nous contacter.<\/p><h2>1. Finalit\u00e9s<\/h2><p>Nous utilisons les donn\u00e9es personnelles d\u2019enfants dans l\u2019un ou plusieurs des finalit\u00e9s suivantes\u00a0:<ul><li>Contact par e-mail<\/li><\/ul><\/p><h2>2. Contact par e-mail<\/h2><p>Il nous est parfois n\u00e9cessaire de demander une adresse e-mail. Nous ferons cela afin de r\u00e9pondre \u00e0 la demande ou question d\u2019un enfant.<ul><li>un pr\u00e9nom et un nom de famille<\/li><\/ul><\/p><h2>3. Consentement parental v\u00e9rifiable<\/h2><p>Nous recherchons le consentement d\u2019un parent ou gardien dans le cas o\u00f9 nous souhaitons recueillir des donn\u00e9es personnelles aupr\u00e8s d\u2019un enfant. Nous utilisons la\/les m\u00e9thode(s) suivante(s)\u00a0:<ul><li>Nous recherchons le consentement d\u2019un parent ou d\u2019un tuteur par e-mail<\/li><\/ul><\/p><p>Les parents et gardiens peuvent refuser leur consentement, et peuvent demander la suppression de toute information personnelle que nous aurions d\u00e9j\u00e0 \u00e9ventuellement recueillie. Cela signifie \u00e9galement la r\u00e9siliation \u00e9ventuelle d\u2019un compte ou d\u2019un abonnement.<\/p><h2>4. Lorsqu\u2019un consentement parental v\u00e9rifiable n\u2019est pas obligatoire<\/h2><p>Un consentement parental v\u00e9rifiable n\u2019est pas obligatoire dans les cas suivants\u00a0:<\/p><ol class=\"alphabetic\">\n                        <li>des informations de contact en lignes recueillies aupr\u00e8s d\u2019un enfant et utilis\u00e9es uniquement une fois afin de r\u00e9pondre directement \u00e0 une demande pr\u00e9cise de l\u2019enfant, et non utilis\u00e9es afin de recontacter l\u2019enfant, sans \u00eatre maintenues sous une forme r\u00e9cup\u00e9rable par le sous-traitant\u00a0;<\/li>\n                        <li>une demande du nom ou des informations de contact en ligne d\u2019un parent ou enfant, utilis\u00e9(s) dans la seule finalit\u00e9 d\u2019obtenir un consentement parental ou de fournir un avis ou une notification, et lorsque de telles informations ne sont pas gard\u00e9es sous une forme r\u00e9cup\u00e9rable par le sous-traitant si le consentement parental n\u2019est pas obtenu dans un d\u00e9lai raisonnable\u00a0;<\/li>\n                        <li>des informations de contact en lignes recueillies aupr\u00e8s d\u2019un enfant et utilis\u00e9es uniquement afin de r\u00e9pondre directement et plus d\u2019une fois \u00e0 une demande pr\u00e9cise de l\u2019enfant, et non utilis\u00e9es afin de recontacter l\u2019enfant en dehors du cadre de cette demande\n                            <ol>\n                                <li>si, avant toute r\u00e9ponse additionnelle suivant la r\u00e9ponse initiale \u00e0 l\u2019enfant, le sous-traitant fait des efforts raisonnables afin de fournir \u00e0 un parent une notification contenant les informations de contact en ligne recueillies aupr\u00e8s de l\u2019enfant, les finalit\u00e9s dans lesquelles elles seront utilis\u00e9es, et une opportunit\u00e9 au parent de demander que le sous-traitant n\u2019utilise plus les informations et qu\u2019elles ne soient pas gard\u00e9es sous un format r\u00e9cup\u00e9rable\u00a0;<\/li>\n                            <\/ol>\n                        <\/li>\n                        <li>le nom de l\u2019enfant et les informations de contact en ligne (dans la mesure raisonnablement n\u00e9cessaire pour prot\u00e9ger la s\u00e9curit\u00e9 d\u2019un participant mineur sur le site)\n                            <ol>\n                                <li>utilis\u00e9s uniquement dans la finalit\u00e9 de prot\u00e9ger cette s\u00e9curit\u00e9\u00a0;<\/li>\n                                <li>non utilis\u00e9s afin de recontacter l\u2019enfant ou dans toute autre finalit\u00e9\u00a0; et<\/li>\n                                <li>non divulgu\u00e9s sur le site,<\/li>\n                             <\/ol>\n                             si le sous-traitant fait des efforts raisonnables afin de fournir \u00e0 un parent une notification contenant le nom et les informations de contact en ligne recueillis aupr\u00e8s de l\u2019enfant, les finalit\u00e9s dans lesquelles ils seront utilis\u00e9s, et une opportunit\u00e9 au parent de demander que le sous-traitant n\u2019utilise plus les informations et qu\u2019elles ne soient pas gard\u00e9es sous un format r\u00e9cup\u00e9rable\u00a0; ou\n                        <\/li>\n                        <li>le recueil, l\u2019utilisation ou la diffusion de telles informations par le sous-traitant d\u2019un tel site web ou service en ligne n\u00e9cessaire\n                            <ol>\n                                <li>afin de prot\u00e9ger la s\u00e9curit\u00e9 ou l\u2019int\u00e9grit\u00e9 de son site web\u00a0;<\/li>\n                                <li>afin de prendre des pr\u00e9cautions contre toute responsabilit\u00e9\u00a0;<\/li>\n                                <li>afin de r\u00e9pondre \u00e0 des proc\u00e9dures judiciaires\u00a0; ou<\/li>\n                                <li>dans la mesure permise sous d\u2019autres dispositions juridiques, afin de fournir des informations aux agences du maintien de l\u2019ordre ou pour une enqu\u00eate li\u00e9e \u00e0 la s\u00e9curit\u00e9 publique<\/li>\n                             <\/ol>\n                        <\/li>\n                    <\/ol><h2>5. Partage avec d\u2019autres parties<\/h2><p>Nous ne partageons ou divulguons ces donn\u00e9es \u00e0 d\u2019autres destinataires que dans les finalit\u00e9s suivantes\u00a0:<\/p><h2>6. Pratiques de divulgation<\/h2><p><p>Nous divulguons des informations personnelles si nous y sommes tenus par la loi ou par une ordonnance du tribunal, en r\u00e9ponse \u00e0 un organisme d\u2019application de la loi, dans la mesure permise par d\u2019autres dispositions de la loi, pour fournir des informations, ou pour une enqu\u00eate sur une question li\u00e9e \u00e0 la s\u00e9curit\u00e9 publique.<\/p><p>Si notre site web ou notre organisation est repris, vendu ou impliqu\u00e9 dans une fusion ou une acquisition, vos donn\u00e9es peuvent \u00eatre divulgu\u00e9es \u00e0 nos conseillers et \u00e0 tout acheteur potentiel et seront transmises aux nouveaux propri\u00e9taires.<\/p><\/p><h2>7. Comment nous r\u00e9pondons aux signaux Ne pas me pister &amp; Contr\u00f4le global de confidentialit\u00e9<\/h2><p>Notre site web r\u00e9agit \u00e0 l\u2019en-t\u00eate de requ\u00eate HTTP Ne pas me pister (DNT) et le prend en charge. Si vous activez DNT dans votre navigateur, ces pr\u00e9f\u00e9rences nous sont communiqu\u00e9es dans l\u2019en-t\u00eate de requ\u00eate HTTP, et nous ne pisterons pas votre comportement de navigation.<\/p><h2>8. Cookies<\/h2><p>Notre site web utilise des cookies. Pour plus d\u2019informations sur les cookies, veuillez vous r\u00e9f\u00e9rer \u00e0 notre <a href=\"https:\/\/www.sksportsholding.com\/fr\/politique-relative-aux-cookies-ca\/\">Politique de cookies<\/a>.&nbsp;<\/p><h2>9. S\u00e9curit\u00e9<\/h2><p>Nous nous engageons \u00e0 la s\u00e9curit\u00e9 des donn\u00e9es personnelles. Nous prenons les mesures de s\u00e9curit\u00e9 appropri\u00e9es pour limiter les abus et l\u2019acc\u00e8s non autoris\u00e9 aux donn\u00e9es personnelles. Cela garantit que seules les personnes n\u00e9cessaires ont acc\u00e8s \u00e0 vos donn\u00e9es, que l\u2019acc\u00e8s aux donn\u00e9es est prot\u00e9g\u00e9 et que nos mesures de s\u00e9curit\u00e9 sont r\u00e9guli\u00e8rement revues.<\/p><h2>10. Coordonn\u00e9es<\/h2><p>Veuillez nous contacter \u00e0 l\u2019adresse ci-dessous si vous avez des questions sur la pr\u00e9sente d\u00e9claration de confidentialit\u00e9 pour les enfants ou \u00e0 propos de nos pratiques de recueil et d\u2019utilisation des donn\u00e9es\u00a0:<br \/>\n        SK Sports Holding, a private company with limited liability,<br \/>\n        DMCC   Business Center, Level No. 1, Dubai, UAE under license number DMCC-828762<br \/>\n        \u00c9mirats arabes unis<br \/>\n        Site web\u00a0: <a href=\"https:\/\/www.sksportsholding.com\/fr\/\">https:\/\/www.sksportsholding.com\/fr\/<\/a> <br \/>\n        E-mail\u00a0: <span class=\"cmplz-obfuscate\">&#099;&#111;ntact@<span class=\"cmplz-fmail-domain\">ex.&#099;&#111;m<\/span>hks&#112;&#111;&#114;t&#104;&#111;lding.&#099;o&#109;<\/span> <br \/>\n         <br \/>\n        Num\u00e9ro de t\u00e9l\u00e9phone\u00a0: 0031652308740<\/p><\/div>","protected":false},"excerpt":{"rendered":"","protected":false},"author":1,"featured_media":0,"parent":0,"menu_order":0,"comment_status":"closed","ping_status":"closed","template":"","meta":{"_gspb_post_css":"","_kad_blocks_custom_css":"","_kad_blocks_head_custom_js":"","_kad_blocks_body_custom_js":"","_kad_blocks_footer_custom_js":"","slim_seo":{"title":"D\u00e9claration de confidentialit\u00e9 pour les enfants (CA) - Sksportsholding.com","description":""},"footnotes":""},"hf_cat_page":[],"class_list":["post-1490","page","type-page","status-publish","hentry"],"blocksy_meta":{"styles_descriptor":{"styles":{"desktop":"","tablet":"","mobile":""},"google_fonts":[],"version":6}},"taxonomy_info":[],"featured_image_src_large":false,"author_info":{"display_name":"remc@","author_link":"https:\/\/www.sksportsholding.com\/fr\/author\/eb57527b61aa31bc\/"},"comment_info":0,"_links":{"self":[{"href":"https:\/\/www.sksportsholding.com\/fr\/wp-json\/wp\/v2\/pages\/1490","targetHints":{"allow":["GET"]}}],"collection":[{"href":"https:\/\/www.sksportsholding.com\/fr\/wp-json\/wp\/v2\/pages"}],"about":[{"href":"https:\/\/www.sksportsholding.com\/fr\/wp-json\/wp\/v2\/types\/page"}],"author":[{"embeddable":true,"href":"https:\/\/www.sksportsholding.com\/fr\/wp-json\/wp\/v2\/users\/1"}],"replies":[{"embeddable":true,"href":"https:\/\/www.sksportsholding.com\/fr\/wp-json\/wp\/v2\/comments?post=1490"}],"version-history":[{"count":1,"href":"https:\/\/www.sksportsholding.com\/fr\/wp-json\/wp\/v2\/pages\/1490\/revisions"}],"predecessor-version":[{"id":1491,"href":"https:\/\/www.sksportsholding.com\/fr\/wp-json\/wp\/v2\/pages\/1490\/revisions\/1491"}],"wp:attachment":[{"href":"https:\/\/www.sksportsholding.com\/fr\/wp-json\/wp\/v2\/media?parent=1490"}],"wp:term":[{"taxonomy":"hf_cat_page","embeddable":true,"href":"https:\/\/www.sksportsholding.com\/fr\/wp-json\/wp\/v2\/hf_cat_page?post=1490"}],"curies":[{"name":"wp","href":"https:\/\/api.w.org\/{rel}","templated":true}]}}