{"id":1496,"date":"2022-04-25T14:10:22","date_gmt":"2022-04-25T14:10:22","guid":{"rendered":"https:\/\/www.sksportsholding.com\/imprimer\/"},"modified":"2022-06-21T11:01:22","modified_gmt":"2022-06-21T11:01:22","slug":"imprimer","status":"publish","type":"page","link":"https:\/\/www.sksportsholding.com\/fr\/imprimer\/","title":{"rendered":"Imprimer"},"content":{"rendered":"\n<!-- Legal document generated by Complianz | GDPR\/CCPA Cookie Consent https:\/\/wordpress.org\/plugins\/complianz-gdpr -->\n<div id=\"cmplz-document\" class=\"cmplz-document impressum cmplz-document-all\"><p><i>Cette imprint a \u00e9t\u00e9 mise \u00e0 jour pour la derni\u00e8re fois le 14 novembre 2023.<\/i><\/p><p class=\"cmplz-subtitle\">Le propri\u00e9taire de ce site web est\u00a0:<\/p><p>SK Sports Holding, a private company with limited liability, <br>DMCC   Business Center, Level No. 1, Dubai, UAE under license number DMCC-828762<br>\u00c9mirats arabes unis<br>E-mail\u00a0:&nbsp;<span class=\"cmplz-obfuscate\">inf&#111;@<span class=\"cmplz-fmail-domain\">&#101;x.com<\/span>s&#107;&#115;po&#114;ts&#104;&#111;&#108;&#100;in&#103;&#046;com<\/span><br>Num\u00e9ro de t\u00e9l\u00e9phone\u00a0: 0031652308740<br><\/p><h2>1. G\u00e9n\u00e9ral<\/h2><p>Nous ne sommes ni dispos\u00e9s ni oblig\u00e9s de participer \u00e0 des proc\u00e9dures de r\u00e8glement des litiges devant une commission d\u2019arbitrage des consommateurs.<\/p><h2>2. Les informations suivantes sont obligatoires selon la loi allemande.<\/h2><\/div>","protected":false},"excerpt":{"rendered":"","protected":false},"author":1,"featured_media":0,"parent":0,"menu_order":0,"comment_status":"closed","ping_status":"closed","template":"","meta":{"_gspb_post_css":"","_kad_blocks_custom_css":"","_kad_blocks_head_custom_js":"","_kad_blocks_body_custom_js":"","_kad_blocks_footer_custom_js":"","slim_seo":{"title":"Imprimer - Sksportsholding.com","description":""},"footnotes":""},"hf_cat_page":[],"class_list":["post-1496","page","type-page","status-publish","hentry"],"blocksy_meta":{"styles_descriptor":{"styles":{"desktop":"","tablet":"","mobile":""},"google_fonts":[],"version":6}},"taxonomy_info":[],"featured_image_src_large":false,"author_info":{"display_name":"remc@","author_link":"https:\/\/www.sksportsholding.com\/fr\/author\/eb57527b61aa31bc\/"},"comment_info":0,"_links":{"self":[{"href":"https:\/\/www.sksportsholding.com\/fr\/wp-json\/wp\/v2\/pages\/1496","targetHints":{"allow":["GET"]}}],"collection":[{"href":"https:\/\/www.sksportsholding.com\/fr\/wp-json\/wp\/v2\/pages"}],"about":[{"href":"https:\/\/www.sksportsholding.com\/fr\/wp-json\/wp\/v2\/types\/page"}],"author":[{"embeddable":true,"href":"https:\/\/www.sksportsholding.com\/fr\/wp-json\/wp\/v2\/users\/1"}],"replies":[{"embeddable":true,"href":"https:\/\/www.sksportsholding.com\/fr\/wp-json\/wp\/v2\/comments?post=1496"}],"version-history":[{"count":1,"href":"https:\/\/www.sksportsholding.com\/fr\/wp-json\/wp\/v2\/pages\/1496\/revisions"}],"predecessor-version":[{"id":1497,"href":"https:\/\/www.sksportsholding.com\/fr\/wp-json\/wp\/v2\/pages\/1496\/revisions\/1497"}],"wp:attachment":[{"href":"https:\/\/www.sksportsholding.com\/fr\/wp-json\/wp\/v2\/media?parent=1496"}],"wp:term":[{"taxonomy":"hf_cat_page","embeddable":true,"href":"https:\/\/www.sksportsholding.com\/fr\/wp-json\/wp\/v2\/hf_cat_page?post=1496"}],"curies":[{"name":"wp","href":"https:\/\/api.w.org\/{rel}","templated":true}]}}