{"id":1714,"date":"2022-07-01T09:08:53","date_gmt":"2022-07-01T09:08:53","guid":{"rendered":"https:\/\/www.sksportsholding.com\/evenements\/"},"modified":"2022-07-01T09:24:56","modified_gmt":"2022-07-01T09:24:56","slug":"evenements","status":"publish","type":"page","link":"https:\/\/www.sksportsholding.com\/fr\/evenements\/","title":{"rendered":"\u00c9v\u00e9nements"},"content":{"rendered":"","protected":false},"excerpt":{"rendered":"<p>Toutes les nouvelles concernant nos \u00e9v\u00e9nements sont affich\u00e9es ici.  <\/p>\n","protected":false},"author":1,"featured_media":1146,"parent":0,"menu_order":0,"comment_status":"closed","ping_status":"closed","template":"","meta":{"_gspb_post_css":"","_kad_blocks_custom_css":"","_kad_blocks_head_custom_js":"","_kad_blocks_body_custom_js":"","_kad_blocks_footer_custom_js":"","slim_seo":{"title":"\u00c9v\u00e9nements - Sksportsholding.com","description":"Toutes les nouvelles concernant nos \u00e9v\u00e9nements sont affich\u00e9es ici."},"footnotes":""},"hf_cat_page":[],"class_list":["post-1714","page","type-page","status-publish","has-post-thumbnail","hentry"],"blocksy_meta":[],"taxonomy_info":[],"featured_image_src_large":["https:\/\/www.sksportsholding.com\/wp-content\/uploads\/2021\/11\/mission-1024x662.jpg",1024,662,true],"author_info":{"display_name":"remc@","author_link":"https:\/\/www.sksportsholding.com\/fr\/author\/eb57527b61aa31bc\/"},"comment_info":0,"_links":{"self":[{"href":"https:\/\/www.sksportsholding.com\/fr\/wp-json\/wp\/v2\/pages\/1714","targetHints":{"allow":["GET"]}}],"collection":[{"href":"https:\/\/www.sksportsholding.com\/fr\/wp-json\/wp\/v2\/pages"}],"about":[{"href":"https:\/\/www.sksportsholding.com\/fr\/wp-json\/wp\/v2\/types\/page"}],"author":[{"embeddable":true,"href":"https:\/\/www.sksportsholding.com\/fr\/wp-json\/wp\/v2\/users\/1"}],"replies":[{"embeddable":true,"href":"https:\/\/www.sksportsholding.com\/fr\/wp-json\/wp\/v2\/comments?post=1714"}],"version-history":[{"count":2,"href":"https:\/\/www.sksportsholding.com\/fr\/wp-json\/wp\/v2\/pages\/1714\/revisions"}],"predecessor-version":[{"id":1722,"href":"https:\/\/www.sksportsholding.com\/fr\/wp-json\/wp\/v2\/pages\/1714\/revisions\/1722"}],"wp:featuredmedia":[{"embeddable":true,"href":"https:\/\/www.sksportsholding.com\/fr\/wp-json\/wp\/v2\/media\/1146"}],"wp:attachment":[{"href":"https:\/\/www.sksportsholding.com\/fr\/wp-json\/wp\/v2\/media?parent=1714"}],"wp:term":[{"taxonomy":"hf_cat_page","embeddable":true,"href":"https:\/\/www.sksportsholding.com\/fr\/wp-json\/wp\/v2\/hf_cat_page?post=1714"}],"curies":[{"name":"wp","href":"https:\/\/api.w.org\/{rel}","templated":true}]}}